{"id":80,"date":"2018-11-21T16:07:54","date_gmt":"2018-11-21T16:07:54","guid":{"rendered":"https:\/\/www.zwopp.de\/augenoptik\/?page_id=80"},"modified":"2024-06-14T15:51:21","modified_gmt":"2024-06-14T14:51:21","slug":"ueber-uns","status":"publish","type":"page","link":"https:\/\/www.zwopp.de\/augenoptik\/ueber-uns\/","title":{"rendered":"\u00dcber uns"},"content":{"rendered":"","protected":false},"excerpt":{"rendered":"","protected":false},"author":1,"featured_media":0,"parent":0,"menu_order":0,"comment_status":"closed","ping_status":"closed","template":"","meta":[],"yoast_head":"<!-- This site is optimized with the Yoast SEO plugin v15.0 - https:\/\/yoast.com\/wordpress\/plugins\/seo\/ -->\n<title>Personalbeschaffung f\u00fcr die Augenoptik- u. H\u00f6rakustikbranche<\/title>\n<meta name=\"description\" content=\"Als Direct Search Agentur unterst\u00fctzen wir bundesweit Mandanten aus der Augenoptik- u. H\u00f6rakustikbranche sowie optischen Industrie \u00fcber die Direktansprache.\" \/>\n<meta name=\"robots\" content=\"index, follow, max-snippet:-1, max-image-preview:large, max-video-preview:-1\" \/>\n<link rel=\"canonical\" href=\"https:\/\/www.zwopp.de\/augenoptik\/ueber-uns\/\" \/>\n<meta property=\"og:locale\" content=\"de_DE\" \/>\n<meta property=\"og:type\" content=\"article\" \/>\n<meta property=\"og:title\" content=\"Personalbeschaffung f\u00fcr die Augenoptik- u. H\u00f6rakustikbranche\" \/>\n<meta property=\"og:description\" content=\"Als Direct Search Agentur unterst\u00fctzen wir bundesweit Mandanten aus der Augenoptik- u. H\u00f6rakustikbranche sowie optischen Industrie \u00fcber die Direktansprache.\" \/>\n<meta property=\"og:url\" content=\"https:\/\/www.zwopp.de\/augenoptik\/ueber-uns\/\" \/>\n<meta property=\"og:site_name\" content=\"Augenoptik Netzwerk - Informationen f\u00fcr Augenoptiker\" \/>\n<meta property=\"article:modified_time\" content=\"2024-06-14T14:51:21+00:00\" \/>\n<meta name=\"twitter:card\" content=\"summary_large_image\" \/>\n<script type=\"application\/ld+json\" class=\"yoast-schema-graph\">{\"@context\":\"https:\/\/schema.org\",\"@graph\":[{\"@type\":\"WebSite\",\"@id\":\"https:\/\/www.zwopp.de\/augenoptik\/#website\",\"url\":\"https:\/\/www.zwopp.de\/augenoptik\/\",\"name\":\"Augenoptik Netzwerk - Informationen f\\u00fcr Augenoptiker\",\"description\":\"\",\"potentialAction\":[{\"@type\":\"SearchAction\",\"target\":\"https:\/\/www.zwopp.de\/augenoptik\/?s={search_term_string}\",\"query-input\":\"required name=search_term_string\"}],\"inLanguage\":\"de\"},{\"@type\":\"WebPage\",\"@id\":\"https:\/\/www.zwopp.de\/augenoptik\/ueber-uns\/#webpage\",\"url\":\"https:\/\/www.zwopp.de\/augenoptik\/ueber-uns\/\",\"name\":\"Personalbeschaffung f\\u00fcr die Augenoptik- u. H\\u00f6rakustikbranche\",\"isPartOf\":{\"@id\":\"https:\/\/www.zwopp.de\/augenoptik\/#website\"},\"datePublished\":\"2018-11-21T16:07:54+00:00\",\"dateModified\":\"2024-06-14T14:51:21+00:00\",\"description\":\"Als Direct Search Agentur unterst\\u00fctzen wir bundesweit Mandanten aus der Augenoptik- u. H\\u00f6rakustikbranche sowie optischen Industrie \\u00fcber die Direktansprache.\",\"inLanguage\":\"de\",\"potentialAction\":[{\"@type\":\"ReadAction\",\"target\":[\"https:\/\/www.zwopp.de\/augenoptik\/ueber-uns\/\"]}]}]}<\/script>\n<!-- \/ Yoast SEO plugin. -->","_links":{"self":[{"href":"https:\/\/www.zwopp.de\/augenoptik\/wp-json\/wp\/v2\/pages\/80"}],"collection":[{"href":"https:\/\/www.zwopp.de\/augenoptik\/wp-json\/wp\/v2\/pages"}],"about":[{"href":"https:\/\/www.zwopp.de\/augenoptik\/wp-json\/wp\/v2\/types\/page"}],"author":[{"embeddable":true,"href":"https:\/\/www.zwopp.de\/augenoptik\/wp-json\/wp\/v2\/users\/1"}],"replies":[{"embeddable":true,"href":"https:\/\/www.zwopp.de\/augenoptik\/wp-json\/wp\/v2\/comments?post=80"}],"version-history":[{"count":3,"href":"https:\/\/www.zwopp.de\/augenoptik\/wp-json\/wp\/v2\/pages\/80\/revisions"}],"predecessor-version":[{"id":1491,"href":"https:\/\/www.zwopp.de\/augenoptik\/wp-json\/wp\/v2\/pages\/80\/revisions\/1491"}],"wp:attachment":[{"href":"https:\/\/www.zwopp.de\/augenoptik\/wp-json\/wp\/v2\/media?parent=80"}],"curies":[{"name":"wp","href":"https:\/\/api.w.org\/{rel}","templated":true}]}}