{"id":43,"date":"2015-06-01T09:08:12","date_gmt":"2015-06-01T09:08:12","guid":{"rendered":"http:\/\/themes.muffingroup.com\/be\/transfer\/?page_id=2"},"modified":"2020-02-20T14:53:07","modified_gmt":"2020-02-20T13:53:07","slug":"home","status":"publish","type":"page","link":"https:\/\/www.zwopp.de\/augenoptik\/","title":{"rendered":"Startseite"},"content":{"rendered":"","protected":false},"excerpt":{"rendered":"","protected":false},"author":1,"featured_media":0,"parent":0,"menu_order":0,"comment_status":"open","ping_status":"open","template":"","meta":[],"yoast_head":"<!-- This site is optimized with the Yoast SEO plugin v15.0 - https:\/\/yoast.com\/wordpress\/plugins\/seo\/ -->\n<title>Optiker Jobs - Anonym verhandeln &amp; Marktwert testen!<\/title>\n<meta name=\"description\" content=\"H\u00f6rakustik und Augenoptik Jobs, jetzt schnell und diskret ohne Registrierung den pers\u00f6nlichen Wunschjob finden. Testen Sie was andere Unternehmen Ihnen an Gehalt zahlen w\u00fcrden.\" \/>\n<meta name=\"robots\" content=\"index, follow, max-snippet:-1, max-image-preview:large, max-video-preview:-1\" \/>\n<link rel=\"canonical\" href=\"https:\/\/www.zwopp.de\/augenoptik\/\" \/>\n<meta property=\"og:locale\" content=\"de_DE\" \/>\n<meta property=\"og:type\" content=\"article\" \/>\n<meta property=\"og:title\" content=\"Optiker Jobs - Anonym verhandeln &amp; Marktwert testen!\" \/>\n<meta property=\"og:description\" content=\"H\u00f6rakustik und Augenoptik Jobs, jetzt schnell und diskret ohne Registrierung den pers\u00f6nlichen Wunschjob finden. Testen Sie was andere Unternehmen Ihnen an Gehalt zahlen w\u00fcrden.\" \/>\n<meta property=\"og:url\" content=\"https:\/\/www.zwopp.de\/augenoptik\/\" \/>\n<meta property=\"og:site_name\" content=\"Augenoptik Netzwerk - Informationen f\u00fcr Augenoptiker\" \/>\n<meta property=\"article:modified_time\" content=\"2020-02-20T13:53:07+00:00\" \/>\n<meta name=\"twitter:card\" content=\"summary_large_image\" \/>\n<script type=\"application\/ld+json\" class=\"yoast-schema-graph\">{\"@context\":\"https:\/\/schema.org\",\"@graph\":[{\"@type\":\"WebSite\",\"@id\":\"https:\/\/www.zwopp.de\/augenoptik\/#website\",\"url\":\"https:\/\/www.zwopp.de\/augenoptik\/\",\"name\":\"Augenoptik Netzwerk - Informationen f\\u00fcr Augenoptiker\",\"description\":\"\",\"potentialAction\":[{\"@type\":\"SearchAction\",\"target\":\"https:\/\/www.zwopp.de\/augenoptik\/?s={search_term_string}\",\"query-input\":\"required name=search_term_string\"}],\"inLanguage\":\"de\"},{\"@type\":\"WebPage\",\"@id\":\"https:\/\/www.zwopp.de\/augenoptik\/#webpage\",\"url\":\"https:\/\/www.zwopp.de\/augenoptik\/\",\"name\":\"Optiker Jobs - Anonym verhandeln & Marktwert testen!\",\"isPartOf\":{\"@id\":\"https:\/\/www.zwopp.de\/augenoptik\/#website\"},\"datePublished\":\"2015-06-01T09:08:12+00:00\",\"dateModified\":\"2020-02-20T13:53:07+00:00\",\"description\":\"H\\u00f6rakustik und Augenoptik Jobs, jetzt schnell und diskret ohne Registrierung den pers\\u00f6nlichen Wunschjob finden. Testen Sie was andere Unternehmen Ihnen an Gehalt zahlen w\\u00fcrden.\",\"inLanguage\":\"de\",\"potentialAction\":[{\"@type\":\"ReadAction\",\"target\":[\"https:\/\/www.zwopp.de\/augenoptik\/\"]}]}]}<\/script>\n<!-- \/ Yoast SEO plugin. -->","_links":{"self":[{"href":"https:\/\/www.zwopp.de\/augenoptik\/wp-json\/wp\/v2\/pages\/43"}],"collection":[{"href":"https:\/\/www.zwopp.de\/augenoptik\/wp-json\/wp\/v2\/pages"}],"about":[{"href":"https:\/\/www.zwopp.de\/augenoptik\/wp-json\/wp\/v2\/types\/page"}],"author":[{"embeddable":true,"href":"https:\/\/www.zwopp.de\/augenoptik\/wp-json\/wp\/v2\/users\/1"}],"replies":[{"embeddable":true,"href":"https:\/\/www.zwopp.de\/augenoptik\/wp-json\/wp\/v2\/comments?post=43"}],"version-history":[{"count":2,"href":"https:\/\/www.zwopp.de\/augenoptik\/wp-json\/wp\/v2\/pages\/43\/revisions"}],"predecessor-version":[{"id":1522,"href":"https:\/\/www.zwopp.de\/augenoptik\/wp-json\/wp\/v2\/pages\/43\/revisions\/1522"}],"wp:attachment":[{"href":"https:\/\/www.zwopp.de\/augenoptik\/wp-json\/wp\/v2\/media?parent=43"}],"curies":[{"name":"wp","href":"https:\/\/api.w.org\/{rel}","templated":true}]}}