{"id":138,"date":"2018-12-10T21:59:36","date_gmt":"2018-12-10T21:59:36","guid":{"rendered":"https:\/\/www.zwopp.de\/augenoptik\/?page_id=138"},"modified":"2020-01-29T10:20:05","modified_gmt":"2020-01-29T09:20:05","slug":"stellenangebote","status":"publish","type":"page","link":"https:\/\/www.zwopp.de\/augenoptik\/stellenangebote\/","title":{"rendered":"Stellenangebote"},"content":{"rendered":"","protected":false},"excerpt":{"rendered":"","protected":false},"author":1,"featured_media":0,"parent":0,"menu_order":0,"comment_status":"closed","ping_status":"closed","template":"","meta":[],"yoast_head":"<!-- This site is optimized with the Yoast SEO plugin v15.0 - https:\/\/yoast.com\/wordpress\/plugins\/seo\/ -->\n<title>\u00dcber 1.200 H\u00f6rakustik + Augenoptiker Stellenangebote<\/title>\n<meta name=\"description\" content=\"H\u00f6rakustik und Augenoptik Jobs anonym vorverhandeln. Eigenen Marktwert erfahren. Was f\u00fcr ein Gehalt w\u00fcrden andere Arbeitgeber bezahlen? Jetzt ohne Registrierung testen!\" \/>\n<meta name=\"robots\" content=\"index, follow, max-snippet:-1, max-image-preview:large, max-video-preview:-1\" \/>\n<link rel=\"canonical\" href=\"https:\/\/www.zwopp.de\/augenoptik\/wp-json\/wp\/v2\/pages\/138\" \/>\n<meta property=\"og:locale\" content=\"de_DE\" \/>\n<meta property=\"og:type\" content=\"article\" \/>\n<meta property=\"og:title\" content=\"\u00dcber 1.200 H\u00f6rakustik + Augenoptiker Stellenangebote\" \/>\n<meta property=\"og:description\" content=\"H\u00f6rakustik und Augenoptik Jobs anonym vorverhandeln. Eigenen Marktwert erfahren. Was f\u00fcr ein Gehalt w\u00fcrden andere Arbeitgeber bezahlen? Jetzt ohne Registrierung testen!\" \/>\n<meta property=\"og:url\" content=\"https:\/\/www.zwopp.de\/augenoptik\/stellenangebote\/\" \/>\n<meta property=\"og:site_name\" content=\"Augenoptik Netzwerk - Informationen f\u00fcr Augenoptiker\" \/>\n<meta property=\"article:modified_time\" content=\"2020-01-29T09:20:05+00:00\" \/>\n<meta name=\"twitter:card\" content=\"summary_large_image\" \/>\n<script type=\"application\/ld+json\" class=\"yoast-schema-graph\">{\"@context\":\"https:\/\/schema.org\",\"@graph\":[{\"@type\":\"WebSite\",\"@id\":\"https:\/\/www.zwopp.de\/augenoptik\/#website\",\"url\":\"https:\/\/www.zwopp.de\/augenoptik\/\",\"name\":\"Augenoptik Netzwerk - Informationen f\\u00fcr Augenoptiker\",\"description\":\"\",\"potentialAction\":[{\"@type\":\"SearchAction\",\"target\":\"https:\/\/www.zwopp.de\/augenoptik\/?s={search_term_string}\",\"query-input\":\"required name=search_term_string\"}],\"inLanguage\":\"de\"},{\"@type\":\"WebPage\",\"@id\":\"https:\/\/www.zwopp.de\/augenoptik\/stellenangebote\/#webpage\",\"url\":\"https:\/\/www.zwopp.de\/augenoptik\/stellenangebote\/\",\"name\":\"\\u00dcber 1.200 H\\u00f6rakustik + Augenoptiker Stellenangebote\",\"isPartOf\":{\"@id\":\"https:\/\/www.zwopp.de\/augenoptik\/#website\"},\"datePublished\":\"2018-12-10T21:59:36+00:00\",\"dateModified\":\"2020-01-29T09:20:05+00:00\",\"description\":\"H\\u00f6rakustik und Augenoptik Jobs anonym vorverhandeln. Eigenen Marktwert erfahren. Was f\\u00fcr ein Gehalt w\\u00fcrden andere Arbeitgeber bezahlen? Jetzt ohne Registrierung testen!\",\"inLanguage\":\"de\",\"potentialAction\":[{\"@type\":\"ReadAction\",\"target\":[\"https:\/\/www.zwopp.de\/augenoptik\/stellenangebote\/\"]}]}]}<\/script>\n<!-- \/ Yoast SEO plugin. -->","_links":{"self":[{"href":"https:\/\/www.zwopp.de\/augenoptik\/wp-json\/wp\/v2\/pages\/138"}],"collection":[{"href":"https:\/\/www.zwopp.de\/augenoptik\/wp-json\/wp\/v2\/pages"}],"about":[{"href":"https:\/\/www.zwopp.de\/augenoptik\/wp-json\/wp\/v2\/types\/page"}],"author":[{"embeddable":true,"href":"https:\/\/www.zwopp.de\/augenoptik\/wp-json\/wp\/v2\/users\/1"}],"replies":[{"embeddable":true,"href":"https:\/\/www.zwopp.de\/augenoptik\/wp-json\/wp\/v2\/comments?post=138"}],"version-history":[{"count":2,"href":"https:\/\/www.zwopp.de\/augenoptik\/wp-json\/wp\/v2\/pages\/138\/revisions"}],"predecessor-version":[{"id":1507,"href":"https:\/\/www.zwopp.de\/augenoptik\/wp-json\/wp\/v2\/pages\/138\/revisions\/1507"}],"wp:attachment":[{"href":"https:\/\/www.zwopp.de\/augenoptik\/wp-json\/wp\/v2\/media?parent=138"}],"curies":[{"name":"wp","href":"https:\/\/api.w.org\/{rel}","templated":true}]}}